{"id":8506,"date":"2025-09-24T11:32:30","date_gmt":"2025-09-24T09:32:30","guid":{"rendered":"https:\/\/www.casadeldolcebertolini.it\/?post_type=product&#038;p=8506"},"modified":"2025-09-24T11:35:12","modified_gmt":"2025-09-24T09:35:12","slug":"crostatina-artigianale-alla-fragola-senza-glutine-e-lattosio","status":"publish","type":"product","link":"https:\/\/casadeldolcebertolini.it\/en\/prodotto\/crostatina-artigianale-alla-fragola-senza-glutine-e-lattosio\/","title":{"rendered":"Crostatina artigianale alla fragola senza glutine e lattosio"},"content":{"rendered":"<p>[vc_row][vc_column][vc_empty_space height=&#8221;50px&#8221;][vc_toggle title=&#8221;conservazione e TMC (termine minimo di conservazione)&#8221;]Conservare in luogo fresco e asciutto, lontano da fonti di luce diretta e calore, teme l&#8217;umidit\u00e0.<\/p>\n<p>Il prodotto ha una durabilit\u00e0 di 4 mesi dalla data di produzione.[\/vc_toggle][vc_toggle title=&#8221;Ingredienti&#8221;]Frolla: farina di riso, burro senza lattosio (contiene <strong>latte<\/strong>), amido di riso, zucchero semolato, <strong>tuorlo<\/strong>, <strong>albume<\/strong>, sciroppo di glucosio, sale, vaniglia in polvere; confettura extra alle fragole (Fragole, zucchero di canna, gelificante: pectina; acidificante: acido citrico; antiossidante: acido ascorbico).<\/p>\n<p>Residuo di Lattosio &lt;0,1%<\/p>\n<p><u>Senza glutine e senza lattosio<\/u><\/p>\n<p>Pu\u00f2 contenere altra <strong>frutta a guscio, soia, senape<\/strong>[\/vc_toggle][vc_toggle title=&#8221;VALORI NUTRIZIONALI&#8221;]Per 100g di prodotto: energia 1480 kj\/352 kcal, grassi 12g di cui acidi grassi saturi 8.1g, carboidrati 58g di cui zuccheri 46g, fibre 0.3g, proteine 2.6g, sale 0.63g[\/vc_toggle][vc_toggle title=&#8221;Allergeni&#8221;]frutta a guscio, soia, senape[\/vc_toggle][vc_empty_space height=&#8221;120px&#8221;][\/vc_column][\/vc_row][vc_row][vc_column]<div class=\"mkdf-section-title-holder  mkdf-st-standard mkdf-st-title-left mkdf-st-normal-space \" style=\"text-align: center\">\n\t<div class=\"mkdf-st-inner\">\n        \t\t\t\t\t<h2 class=\"mkdf-st-title\" >\n\t\t\t\tScopri il piacere della pasticceria artigianale senza glutine e senza lattosio a casa tua\t\t\t<\/h2>\n\t\t                    <div class=\"mkdf-separator-holder clearfix  mkdf-separator-center mkdf-separator-advanced-center mkdf-separator-advanced\">\n\t<div class=\"mkdf-separator\" >\n                    <div class=\"mkdf-adv-sep-inner\">\n                <div class=\"mkdf-adv-sep-line\"  ><\/div>\n                <div class=\"mkdf-adv-sep-dot\"  ><\/div>\n            <\/div>\n            <\/div>\n<\/div>\n        \t\t\t<\/div>\n<\/div>[\/vc_column][\/vc_row][vc_row][vc_column]<div class=\"mkdf-image-gallery mkdf-grid-list mkdf-grid-masonry-list mkdf-disable-bottom-space torta senza glutine e lattosio mkdf-ig-masonry-type mkdf-three-columns mkdf-tiny-space  \">\n\t<div class=\"mkdf-ig-inner mkdf-outer-space mkdf-masonry-list-wrapper\">\n\t\t<div class=\"mkdf-masonry-grid-sizer\"><\/div>\n\t\t<div class=\"mkdf-masonry-grid-gutter\"><\/div>\n\t\t\t\t\t\t\t\t<div class=\"mkdf-ig-image mkdf-item-space \">\n\t\t\t\t<div class=\"mkdf-ig-image-inner\">\n\t\t\t\t\t\t\t\t\t\t\t<img loading=\"lazy\" decoding=\"async\" width=\"2500\" height=\"1667\" src=\"https:\/\/casadeldolcebertolini.it\/wp-content\/uploads\/2021\/05\/img_4261_7979498853_o-Copia.jpg\" class=\"attachment-full size-full\" alt=\"mandorlato\" srcset=\"https:\/\/casadeldolcebertolini.it\/wp-content\/uploads\/2021\/05\/img_4261_7979498853_o-Copia.jpg 2500w, https:\/\/casadeldolcebertolini.it\/wp-content\/uploads\/2021\/05\/img_4261_7979498853_o-Copia-1200x800.jpg 1200w, https:\/\/casadeldolcebertolini.it\/wp-content\/uploads\/2021\/05\/img_4261_7979498853_o-Copia-300x200.jpg 300w, https:\/\/casadeldolcebertolini.it\/wp-content\/uploads\/2021\/05\/img_4261_7979498853_o-Copia-1024x683.jpg 1024w, https:\/\/casadeldolcebertolini.it\/wp-content\/uploads\/2021\/05\/img_4261_7979498853_o-Copia-768x512.jpg 768w, https:\/\/casadeldolcebertolini.it\/wp-content\/uploads\/2021\/05\/img_4261_7979498853_o-Copia-1536x1024.jpg 1536w\" sizes=\"auto, (max-width: 2500px) 100vw, 2500px\" \/>\t\t\t\t\t\t\t\t\t<\/div>\n\t\t\t<\/div>\n\t\t\t\t\t\t\t\t<div class=\"mkdf-ig-image mkdf-item-space \">\n\t\t\t\t<div class=\"mkdf-ig-image-inner\">\n\t\t\t\t\t\t\t\t\t\t\t<img loading=\"lazy\" decoding=\"async\" width=\"2048\" height=\"1365\" src=\"https:\/\/casadeldolcebertolini.it\/wp-content\/uploads\/2021\/07\/7979616932_b578fddc25_k.jpg\" class=\"attachment-full size-full\" alt=\"\" srcset=\"https:\/\/casadeldolcebertolini.it\/wp-content\/uploads\/2021\/07\/7979616932_b578fddc25_k.jpg 2048w, https:\/\/casadeldolcebertolini.it\/wp-content\/uploads\/2021\/07\/7979616932_b578fddc25_k-300x200.jpg 300w, https:\/\/casadeldolcebertolini.it\/wp-content\/uploads\/2021\/07\/7979616932_b578fddc25_k-1024x683.jpg 1024w, https:\/\/casadeldolcebertolini.it\/wp-content\/uploads\/2021\/07\/7979616932_b578fddc25_k-768x512.jpg 768w, https:\/\/casadeldolcebertolini.it\/wp-content\/uploads\/2021\/07\/7979616932_b578fddc25_k-1536x1024.jpg 1536w, https:\/\/casadeldolcebertolini.it\/wp-content\/uploads\/2021\/07\/7979616932_b578fddc25_k-1200x800.jpg 1200w\" sizes=\"auto, (max-width: 2048px) 100vw, 2048px\" \/>\t\t\t\t\t\t\t\t\t<\/div>\n\t\t\t<\/div>\n\t\t\t\t\t\t\t\t<div class=\"mkdf-ig-image mkdf-item-space \">\n\t\t\t\t<div class=\"mkdf-ig-image-inner\">\n\t\t\t\t\t\t\t\t\t\t\t<img loading=\"lazy\" decoding=\"async\" width=\"2560\" height=\"1707\" src=\"https:\/\/casadeldolcebertolini.it\/wp-content\/uploads\/2021\/07\/oatmeal-and-oatmeal-in-a-cup-on-a-table-on-a-wooden-floor-scaled.jpg\" class=\"attachment-full size-full\" alt=\"\" srcset=\"https:\/\/casadeldolcebertolini.it\/wp-content\/uploads\/2021\/07\/oatmeal-and-oatmeal-in-a-cup-on-a-table-on-a-wooden-floor-scaled.jpg 2560w, https:\/\/casadeldolcebertolini.it\/wp-content\/uploads\/2021\/07\/oatmeal-and-oatmeal-in-a-cup-on-a-table-on-a-wooden-floor-300x200.jpg 300w, https:\/\/casadeldolcebertolini.it\/wp-content\/uploads\/2021\/07\/oatmeal-and-oatmeal-in-a-cup-on-a-table-on-a-wooden-floor-1024x683.jpg 1024w, https:\/\/casadeldolcebertolini.it\/wp-content\/uploads\/2021\/07\/oatmeal-and-oatmeal-in-a-cup-on-a-table-on-a-wooden-floor-768x512.jpg 768w, https:\/\/casadeldolcebertolini.it\/wp-content\/uploads\/2021\/07\/oatmeal-and-oatmeal-in-a-cup-on-a-table-on-a-wooden-floor-1536x1024.jpg 1536w, https:\/\/casadeldolcebertolini.it\/wp-content\/uploads\/2021\/07\/oatmeal-and-oatmeal-in-a-cup-on-a-table-on-a-wooden-floor-1200x800.jpg 1200w\" sizes=\"auto, (max-width: 2560px) 100vw, 2560px\" \/>\t\t\t\t\t\t\t\t\t<\/div>\n\t\t\t<\/div>\n\t\t\t<\/div>\n<\/div>[\/vc_column][\/vc_row][vc_row][vc_column][vc_empty_space height=&#8221;70px&#8221;][vc_row_inner][vc_column_inner width=&#8221;1\/6&#8243;][\/vc_column_inner][vc_column_inner width=&#8221;2\/3&#8243;][vc_column_text]<\/p>\n<div class=\"page\" title=\"Page 2\">\n<div class=\"layoutArea\">\n<div class=\"column\">\n<h6 style=\"text-align: center;\"><em>&#8220;PER I NOSTRI PRODOTTI UTILIZZIAMO SOLO LE MIGLIORI MATERIE PRIME.<br \/>\nOgnuna di esse viene lavorata sapientemente per esprimere tutto<\/em><br \/>\n<em>il gusto e mantenere le qualita\u0300 organolettiche.<\/em><br \/>\n<em>Questa attenzione massima per la qualita\u0300 ci permette di vivere sereni, consapevoli di proporre ai nostri clienti prodotti<\/em><br \/>\n<em>di eccellenza artigianale Italiana.<\/em><br \/>\n<em>Vi invitiamo pertanto all\u2019assaggio, il modo migliore e piu\u0300 bello<\/em><br \/>\n<em>per verificare di persona&#8221;<\/em><\/h6>\n<\/div>\n<\/div>\n<\/div>\n<p>[\/vc_column_text][\/vc_column_inner][vc_column_inner width=&#8221;1\/6&#8243;][\/vc_column_inner][\/vc_row_inner][vc_row_inner][vc_column_inner width=&#8221;1\/3&#8243;][\/vc_column_inner][vc_column_inner width=&#8221;1\/3&#8243;][vc_single_image image=&#8221;96&#8243; img_size=&#8221;full&#8221; alignment=&#8221;center&#8221; title=&#8221;torta senza glutine e lattosio&#8221;][\/vc_column_inner][vc_column_inner width=&#8221;1\/3&#8243;][\/vc_column_inner][\/vc_row_inner][vc_empty_space height=&#8221;70px&#8221;][\/vc_column][\/vc_row][vc_row][vc_column][vc_single_image image=&#8221;95&#8243; img_size=&#8221;full&#8221; alignment=&#8221;center&#8221; title=&#8221;torta senza glutine e lattosio&#8221;][\/vc_column][\/vc_row][vc_row][vc_column width=&#8221;1\/4&#8243;][\/vc_column][vc_column width=&#8221;1\/2&#8243;][vc_empty_space height=&#8221;100px&#8221;]<div class=\"mkdf-section-title-holder  mkdf-st-standard mkdf-st-title-left mkdf-st-normal-space \" >\n\t<div class=\"mkdf-st-inner\">\n        \t\t\t\t\t<h4 class=\"mkdf-st-title\" >\n\t\t\t\tMaggiori informazioni?\t\t\t<\/h4>\n\t\t                    <div class=\"mkdf-separator-holder clearfix  mkdf-separator-left mkdf-separator-advanced-center mkdf-separator-advanced\">\n\t<div class=\"mkdf-separator\" >\n                    <div class=\"mkdf-adv-sep-inner\">\n                <div class=\"mkdf-adv-sep-line\"  ><\/div>\n                <div class=\"mkdf-adv-sep-dot\"  ><\/div>\n            <\/div>\n            <\/div>\n<\/div>\n        \t\t\t<\/div>\n<\/div>\n<div class=\"wpcf7 no-js\" id=\"wpcf7-f19-o1\" lang=\"it-IT\" dir=\"ltr\" data-wpcf7-id=\"19\">\n<div class=\"screen-reader-response\"><p role=\"status\" aria-live=\"polite\" aria-atomic=\"true\"><\/p> <ul><\/ul><\/div>\n<form action=\"\/en\/wp-json\/wp\/v2\/product\/8506#wpcf7-f19-o1\" method=\"post\" class=\"wpcf7-form init\" aria-label=\"Modulo di contatto\" novalidate=\"novalidate\" data-status=\"init\">\n<fieldset class=\"hidden-fields-container\"><input type=\"hidden\" name=\"_wpcf7\" value=\"19\" \/><input type=\"hidden\" name=\"_wpcf7_version\" value=\"6.1.5\" \/><input type=\"hidden\" name=\"_wpcf7_locale\" value=\"it_IT\" \/><input type=\"hidden\" name=\"_wpcf7_unit_tag\" value=\"wpcf7-f19-o1\" \/><input type=\"hidden\" name=\"_wpcf7_container_post\" value=\"0\" \/><input type=\"hidden\" name=\"_wpcf7_posted_data_hash\" value=\"\" \/><input type=\"hidden\" name=\"_wpcf7_recaptcha_response\" value=\"\" \/>\n<\/fieldset>\n<p><label> Il tuo nome<br \/>\n<span class=\"wpcf7-form-control-wrap\" data-name=\"your-name\"><input size=\"40\" maxlength=\"400\" class=\"wpcf7-form-control wpcf7-text wpcf7-validates-as-required\" aria-required=\"true\" aria-invalid=\"false\" value=\"\" type=\"text\" name=\"your-name\" \/><\/span> <\/label>\n<\/p>\n<p><label> Indirizzo e-mail<br \/>\n<span class=\"wpcf7-form-control-wrap\" data-name=\"your-email\"><input size=\"40\" maxlength=\"400\" class=\"wpcf7-form-control wpcf7-email wpcf7-validates-as-required wpcf7-text wpcf7-validates-as-email\" aria-required=\"true\" aria-invalid=\"false\" value=\"\" type=\"email\" name=\"your-email\" \/><\/span> <\/label>\n<\/p>\n<p><label> Numero di telefono<br \/>\n<span class=\"wpcf7-form-control-wrap\" data-name=\"tel-285\"><input size=\"40\" maxlength=\"400\" class=\"wpcf7-form-control wpcf7-tel wpcf7-validates-as-required wpcf7-text wpcf7-validates-as-tel\" aria-required=\"true\" aria-invalid=\"false\" value=\"\" type=\"tel\" name=\"tel-285\" \/><\/span> <\/label>\n<\/p>\n<p><label> Messaggio<br \/>\n<span class=\"wpcf7-form-control-wrap\" data-name=\"your-message\"><textarea cols=\"40\" rows=\"10\" maxlength=\"2000\" class=\"wpcf7-form-control wpcf7-textarea\" aria-invalid=\"false\" name=\"your-message\"><\/textarea><\/span> <\/label>\n<\/p>\n\n<p><button class=\"wpcf7-form-control wpcf7-submit mkdf-btn mkdf-btn-medium mkdf-btn-solid mkdf-btn-with-additional-outline\" type=\"submit\"><span class=\"mkdf-btn-text\">Invia Richiesta<\/span><\/button>\n<\/p><input type='hidden' class='wpcf7-pum' value='{\"closepopup\":false,\"closedelay\":0,\"openpopup\":false,\"openpopup_id\":0}' \/><div class=\"wpcf7-response-output\" aria-hidden=\"true\"><\/div>\n<\/form>\n<\/div>\n[\/vc_column][vc_column width=&#8221;1\/4&#8243;][\/vc_column][\/vc_row]<\/p>\n","protected":false},"excerpt":{"rendered":"<p>Per incontrare la crescente sensibilit\u00e0 e intolleranza al glutine e al lattosio abbiamo creato la nostra <strong>crostata artigianale senza glutine e lattosio, <\/strong>disponibile anche monoporzione, fatta a mano con ingredienti selezionati e di prima qualit\u00e0. La frolla \u00e8 ricoperta di confettura extra di fragole, ideale per una dolce merenda.<\/p>\n<p>Disponibilit\u00e0: <strong>tutto l&#8217;anno<\/strong><\/p>\n","protected":false},"featured_media":8485,"template":"","meta":{"_acf_changed":false},"product_brand":[],"product_cat":[64],"product_tag":[73,62,63,60,61,72],"class_list":{"0":"post-8506","1":"product","2":"type-product","3":"status-publish","4":"has-post-thumbnail","6":"product_cat-senza-glutine-e-senza-lattosio","7":"product_tag-dolci-senza-glutine-e-lattosio","8":"product_tag-glutenfree","9":"product_tag-lactosefree","10":"product_tag-senza-glutine","11":"product_tag-senza-lattosio","12":"product_tag-torta-senza-glutine-e-lattosio","14":"first","15":"instock","16":"taxable","17":"shipping-taxable","18":"purchasable","19":"product-type-variable","20":"has-default-attributes"},"acf":[],"yoast_head":"<!-- This site is optimized with the Yoast SEO plugin v27.3 - https:\/\/yoast.com\/product\/yoast-seo-wordpress\/ -->\n<title>Crostatina artigianale alla fragola senza glutine e lattosio - Casa del Dolce Bertolini<\/title>\n<meta name=\"description\" content=\"La nostra crostata artigianale senza glutine e lattosio \u00e8 fatta a mano con ingredienti di prima qualit\u00e0. La frolla \u00e8 ricoperta con confettura di fragole.\" \/>\n<meta name=\"robots\" content=\"index, follow, max-snippet:-1, max-image-preview:large, max-video-preview:-1\" \/>\n<link rel=\"canonical\" href=\"https:\/\/casadeldolcebertolini.it\/en\/prodotto\/crostatina-artigianale-alla-fragola-senza-glutine-e-lattosio\/\" \/>\n<meta property=\"og:locale\" content=\"en_US\" \/>\n<meta property=\"og:type\" content=\"article\" \/>\n<meta property=\"og:title\" content=\"Crostatina artigianale alla fragola senza glutine e lattosio - Casa del Dolce Bertolini\" \/>\n<meta property=\"og:description\" content=\"La nostra crostata artigianale senza glutine e lattosio \u00e8 fatta a mano con ingredienti di prima qualit\u00e0. La frolla \u00e8 ricoperta con confettura di fragole.\" \/>\n<meta property=\"og:url\" content=\"https:\/\/casadeldolcebertolini.it\/en\/prodotto\/crostatina-artigianale-alla-fragola-senza-glutine-e-lattosio\/\" \/>\n<meta property=\"og:site_name\" content=\"Casa del Dolce Bertolini\" \/>\n<meta property=\"article:modified_time\" content=\"2025-09-24T09:35:12+00:00\" \/>\n<meta property=\"og:image\" content=\"https:\/\/casadeldolcebertolini.it\/wp-content\/uploads\/2025\/09\/crostatina-fragole.jpg\" \/>\n\t<meta property=\"og:image:width\" content=\"2560\" \/>\n\t<meta property=\"og:image:height\" content=\"2560\" \/>\n\t<meta property=\"og:image:type\" content=\"image\/jpeg\" \/>\n<meta name=\"twitter:card\" content=\"summary_large_image\" \/>\n<meta name=\"twitter:label1\" content=\"Est. reading time\" \/>\n\t<meta name=\"twitter:data1\" content=\"3 minutes\" \/>\n<script type=\"application\/ld+json\" class=\"yoast-schema-graph\">{\"@context\":\"https:\\\/\\\/schema.org\",\"@graph\":[{\"@type\":\"WebPage\",\"@id\":\"https:\\\/\\\/casadeldolcebertolini.it\\\/en\\\/prodotto\\\/crostatina-artigianale-alla-fragola-senza-glutine-e-lattosio\\\/\",\"url\":\"https:\\\/\\\/casadeldolcebertolini.it\\\/en\\\/prodotto\\\/crostatina-artigianale-alla-fragola-senza-glutine-e-lattosio\\\/\",\"name\":\"Crostatina artigianale alla fragola senza glutine e lattosio - Casa del Dolce Bertolini\",\"isPartOf\":{\"@id\":\"https:\\\/\\\/casadeldolcebertolini.it\\\/en\\\/#website\"},\"primaryImageOfPage\":{\"@id\":\"https:\\\/\\\/casadeldolcebertolini.it\\\/en\\\/prodotto\\\/crostatina-artigianale-alla-fragola-senza-glutine-e-lattosio\\\/#primaryimage\"},\"image\":{\"@id\":\"https:\\\/\\\/casadeldolcebertolini.it\\\/en\\\/prodotto\\\/crostatina-artigianale-alla-fragola-senza-glutine-e-lattosio\\\/#primaryimage\"},\"thumbnailUrl\":\"https:\\\/\\\/casadeldolcebertolini.it\\\/wp-content\\\/uploads\\\/2025\\\/09\\\/crostatina-fragole.jpg\",\"datePublished\":\"2025-09-24T09:32:30+00:00\",\"dateModified\":\"2025-09-24T09:35:12+00:00\",\"description\":\"La nostra crostata artigianale senza glutine e lattosio \u00e8 fatta a mano con ingredienti di prima qualit\u00e0. La frolla \u00e8 ricoperta con confettura di fragole.\",\"breadcrumb\":{\"@id\":\"https:\\\/\\\/casadeldolcebertolini.it\\\/en\\\/prodotto\\\/crostatina-artigianale-alla-fragola-senza-glutine-e-lattosio\\\/#breadcrumb\"},\"inLanguage\":\"en-US\",\"potentialAction\":[{\"@type\":\"ReadAction\",\"target\":[\"https:\\\/\\\/casadeldolcebertolini.it\\\/en\\\/prodotto\\\/crostatina-artigianale-alla-fragola-senza-glutine-e-lattosio\\\/\"]}]},{\"@type\":\"ImageObject\",\"inLanguage\":\"en-US\",\"@id\":\"https:\\\/\\\/casadeldolcebertolini.it\\\/en\\\/prodotto\\\/crostatina-artigianale-alla-fragola-senza-glutine-e-lattosio\\\/#primaryimage\",\"url\":\"https:\\\/\\\/casadeldolcebertolini.it\\\/wp-content\\\/uploads\\\/2025\\\/09\\\/crostatina-fragole.jpg\",\"contentUrl\":\"https:\\\/\\\/casadeldolcebertolini.it\\\/wp-content\\\/uploads\\\/2025\\\/09\\\/crostatina-fragole.jpg\",\"width\":2560,\"height\":2560,\"caption\":\"torta senza glutine e lattosio\"},{\"@type\":\"BreadcrumbList\",\"@id\":\"https:\\\/\\\/casadeldolcebertolini.it\\\/en\\\/prodotto\\\/crostatina-artigianale-alla-fragola-senza-glutine-e-lattosio\\\/#breadcrumb\",\"itemListElement\":[{\"@type\":\"ListItem\",\"position\":1,\"name\":\"Home\",\"item\":\"https:\\\/\\\/casadeldolcebertolini.it\\\/en\\\/\"},{\"@type\":\"ListItem\",\"position\":2,\"name\":\"Shop\",\"item\":\"https:\\\/\\\/casadeldolcebertolini.it\\\/en\\\/shop\\\/\"},{\"@type\":\"ListItem\",\"position\":3,\"name\":\"Crostatina artigianale alla fragola senza glutine e lattosio\"}]},{\"@type\":\"WebSite\",\"@id\":\"https:\\\/\\\/casadeldolcebertolini.it\\\/en\\\/#website\",\"url\":\"https:\\\/\\\/casadeldolcebertolini.it\\\/en\\\/\",\"name\":\"Casa del Dolce Bertolini\",\"description\":\"Finissimo Mandorlato\",\"potentialAction\":[{\"@type\":\"SearchAction\",\"target\":{\"@type\":\"EntryPoint\",\"urlTemplate\":\"https:\\\/\\\/casadeldolcebertolini.it\\\/en\\\/?s={search_term_string}\"},\"query-input\":{\"@type\":\"PropertyValueSpecification\",\"valueRequired\":true,\"valueName\":\"search_term_string\"}}],\"inLanguage\":\"en-US\"}]}<\/script>\n<!-- \/ Yoast SEO plugin. -->","yoast_head_json":{"title":"Crostatina artigianale alla fragola senza glutine e lattosio - Casa del Dolce Bertolini","description":"La nostra crostata artigianale senza glutine e lattosio \u00e8 fatta a mano con ingredienti di prima qualit\u00e0. La frolla \u00e8 ricoperta con confettura di fragole.","robots":{"index":"index","follow":"follow","max-snippet":"max-snippet:-1","max-image-preview":"max-image-preview:large","max-video-preview":"max-video-preview:-1"},"canonical":"https:\/\/casadeldolcebertolini.it\/en\/prodotto\/crostatina-artigianale-alla-fragola-senza-glutine-e-lattosio\/","og_locale":"en_US","og_type":"article","og_title":"Crostatina artigianale alla fragola senza glutine e lattosio - Casa del Dolce Bertolini","og_description":"La nostra crostata artigianale senza glutine e lattosio \u00e8 fatta a mano con ingredienti di prima qualit\u00e0. La frolla \u00e8 ricoperta con confettura di fragole.","og_url":"https:\/\/casadeldolcebertolini.it\/en\/prodotto\/crostatina-artigianale-alla-fragola-senza-glutine-e-lattosio\/","og_site_name":"Casa del Dolce Bertolini","article_modified_time":"2025-09-24T09:35:12+00:00","og_image":[{"width":2560,"height":2560,"url":"https:\/\/casadeldolcebertolini.it\/wp-content\/uploads\/2025\/09\/crostatina-fragole.jpg","type":"image\/jpeg"}],"twitter_card":"summary_large_image","twitter_misc":{"Est. reading time":"3 minutes"},"schema":{"@context":"https:\/\/schema.org","@graph":[{"@type":"WebPage","@id":"https:\/\/casadeldolcebertolini.it\/en\/prodotto\/crostatina-artigianale-alla-fragola-senza-glutine-e-lattosio\/","url":"https:\/\/casadeldolcebertolini.it\/en\/prodotto\/crostatina-artigianale-alla-fragola-senza-glutine-e-lattosio\/","name":"Crostatina artigianale alla fragola senza glutine e lattosio - Casa del Dolce Bertolini","isPartOf":{"@id":"https:\/\/casadeldolcebertolini.it\/en\/#website"},"primaryImageOfPage":{"@id":"https:\/\/casadeldolcebertolini.it\/en\/prodotto\/crostatina-artigianale-alla-fragola-senza-glutine-e-lattosio\/#primaryimage"},"image":{"@id":"https:\/\/casadeldolcebertolini.it\/en\/prodotto\/crostatina-artigianale-alla-fragola-senza-glutine-e-lattosio\/#primaryimage"},"thumbnailUrl":"https:\/\/casadeldolcebertolini.it\/wp-content\/uploads\/2025\/09\/crostatina-fragole.jpg","datePublished":"2025-09-24T09:32:30+00:00","dateModified":"2025-09-24T09:35:12+00:00","description":"La nostra crostata artigianale senza glutine e lattosio \u00e8 fatta a mano con ingredienti di prima qualit\u00e0. La frolla \u00e8 ricoperta con confettura di fragole.","breadcrumb":{"@id":"https:\/\/casadeldolcebertolini.it\/en\/prodotto\/crostatina-artigianale-alla-fragola-senza-glutine-e-lattosio\/#breadcrumb"},"inLanguage":"en-US","potentialAction":[{"@type":"ReadAction","target":["https:\/\/casadeldolcebertolini.it\/en\/prodotto\/crostatina-artigianale-alla-fragola-senza-glutine-e-lattosio\/"]}]},{"@type":"ImageObject","inLanguage":"en-US","@id":"https:\/\/casadeldolcebertolini.it\/en\/prodotto\/crostatina-artigianale-alla-fragola-senza-glutine-e-lattosio\/#primaryimage","url":"https:\/\/casadeldolcebertolini.it\/wp-content\/uploads\/2025\/09\/crostatina-fragole.jpg","contentUrl":"https:\/\/casadeldolcebertolini.it\/wp-content\/uploads\/2025\/09\/crostatina-fragole.jpg","width":2560,"height":2560,"caption":"torta senza glutine e lattosio"},{"@type":"BreadcrumbList","@id":"https:\/\/casadeldolcebertolini.it\/en\/prodotto\/crostatina-artigianale-alla-fragola-senza-glutine-e-lattosio\/#breadcrumb","itemListElement":[{"@type":"ListItem","position":1,"name":"Home","item":"https:\/\/casadeldolcebertolini.it\/en\/"},{"@type":"ListItem","position":2,"name":"Shop","item":"https:\/\/casadeldolcebertolini.it\/en\/shop\/"},{"@type":"ListItem","position":3,"name":"Crostatina artigianale alla fragola senza glutine e lattosio"}]},{"@type":"WebSite","@id":"https:\/\/casadeldolcebertolini.it\/en\/#website","url":"https:\/\/casadeldolcebertolini.it\/en\/","name":"Casa del Dolce Bertolini","description":"Finissimo Mandorlato","potentialAction":[{"@type":"SearchAction","target":{"@type":"EntryPoint","urlTemplate":"https:\/\/casadeldolcebertolini.it\/en\/?s={search_term_string}"},"query-input":{"@type":"PropertyValueSpecification","valueRequired":true,"valueName":"search_term_string"}}],"inLanguage":"en-US"}]}},"_links":{"self":[{"href":"https:\/\/casadeldolcebertolini.it\/en\/wp-json\/wp\/v2\/product\/8506","targetHints":{"allow":["GET"]}}],"collection":[{"href":"https:\/\/casadeldolcebertolini.it\/en\/wp-json\/wp\/v2\/product"}],"about":[{"href":"https:\/\/casadeldolcebertolini.it\/en\/wp-json\/wp\/v2\/types\/product"}],"wp:featuredmedia":[{"embeddable":true,"href":"https:\/\/casadeldolcebertolini.it\/en\/wp-json\/wp\/v2\/media\/8485"}],"wp:attachment":[{"href":"https:\/\/casadeldolcebertolini.it\/en\/wp-json\/wp\/v2\/media?parent=8506"}],"wp:term":[{"taxonomy":"product_brand","embeddable":true,"href":"https:\/\/casadeldolcebertolini.it\/en\/wp-json\/wp\/v2\/product_brand?post=8506"},{"taxonomy":"product_cat","embeddable":true,"href":"https:\/\/casadeldolcebertolini.it\/en\/wp-json\/wp\/v2\/product_cat?post=8506"},{"taxonomy":"product_tag","embeddable":true,"href":"https:\/\/casadeldolcebertolini.it\/en\/wp-json\/wp\/v2\/product_tag?post=8506"}],"curies":[{"name":"wp","href":"https:\/\/api.w.org\/{rel}","templated":true}]}}